{"id":25962499,"date":"2025-09-02T16:07:21","date_gmt":"2025-09-02T14:07:21","guid":{"rendered":"https:\/\/www.technord.com\/contact-form\/"},"modified":"2025-09-02T16:11:39","modified_gmt":"2025-09-02T14:11:39","slug":"contact-form","status":"publish","type":"page","link":"https:\/\/www.technord.com\/en\/contact-form\/","title":{"rendered":"Contact form"},"content":{"rendered":"<p>[et_pb_section fb_built=&#8221;1&#8243; _builder_version=&#8221;4.27.0&#8243; _module_preset=&#8221;default&#8221; background_color=&#8221;RGBA(255,255,255,0)&#8221; custom_margin=&#8221;100px|100px|100px|100px|false|false&#8221; custom_margin_tablet=&#8221;100px|100px|100px|100px|false|false&#8221; custom_margin_phone=&#8221;20px|20px|20px|20px|false|false&#8221; custom_margin_last_edited=&#8221;on|phone&#8221; global_colors_info=&#8221;{}&#8221;][et_pb_row _builder_version=&#8221;4.27.0&#8243; _module_preset=&#8221;default&#8221; global_colors_info=&#8221;{}&#8221;][et_pb_column type=&#8221;4_4&#8243; _builder_version=&#8221;4.27.0&#8243; _module_preset=&#8221;default&#8221; global_colors_info=&#8221;{}&#8221;][et_pb_text _builder_version=&#8221;4.27.4&#8243; _module_preset=&#8221;default&#8221; hover_enabled=&#8221;0&#8243; global_colors_info=&#8221;{}&#8221; sticky_enabled=&#8221;0&#8243;]<\/p>\n<p><span>For <\/span><strong>internship<\/strong><span> and<\/span><strong><span> <\/span>employment <\/strong><span>please visit our career page<\/span><\/p>\n<p>[\/et_pb_text][et_pb_button button_url=&#8221;https:\/\/jobs.technord.com\/index.aspx&#8221; url_new_window=&#8221;on&#8221; button_text=&#8221;To jobs.technord.com&#8221; button_alignment=&#8221;left&#8221; _builder_version=&#8221;4.27.4&#8243; _module_preset=&#8221;default&#8221; custom_button=&#8221;on&#8221; button_text_size=&#8221;16px&#8221; button_text_color=&#8221;#FFFFFF&#8221; button_bg_color=&#8221;#D67B19&#8243; button_font=&#8221;|600|||||||&#8221; button_icon=&#8221;&#xf105;||fa||900&#8243; button_on_hover=&#8221;off&#8221; custom_margin=&#8221;0px||0px||false|false&#8221; custom_padding=&#8221;15px|43px|16px|30px|false|false&#8221; global_colors_info=&#8221;{}&#8221; button_bg_color__hover_enabled=&#8221;on|hover&#8221; button_bg_color__hover=&#8221;#008EB0&#8243; button_bg_enable_color__hover=&#8221;on&#8221; button_letter_spacing__hover_enabled=&#8221;on|hover&#8221; button_letter_spacing__hover=&#8221;0px&#8221;][\/et_pb_button][et_pb_divider show_divider=&#8221;off&#8221; _builder_version=&#8221;4.27.4&#8243; _module_preset=&#8221;default&#8221; global_colors_info=&#8221;{}&#8221;][\/et_pb_divider][et_pb_code _builder_version=&#8221;4.27.4&#8243; _module_preset=&#8221;default&#8221; global_colors_info=&#8221;{}&#8221;]<div class=\"frm_forms  with_frm_style frm_style_big-text\" id=\"frm_form_3_container\" data-token=\"9cf406610315930aa533243fe9d7b4e1\">\n<form enctype=\"multipart\/form-data\" method=\"post\" class=\"frm-show-form  frm_pro_form \" id=\"form_zbwg32\" data-token=\"9cf406610315930aa533243fe9d7b4e1\">\n<div class=\"frm_form_fields \">\n<fieldset>\n<legend class=\"frm_screen_reader\">Formulaire contact bouton flottant<\/legend>\r\n\r\n<div class=\"frm_description\"><p><h3>Tell us about your project!<\/h3>\n<p>Complete the form below, and we will contact you as soon as possible.<\/p>\n<\/div><div class=\"frm_fields_container\">\n<input type=\"hidden\" name=\"frm_action\" value=\"create\" \/>\n<input type=\"hidden\" name=\"form_id\" value=\"3\" \/>\n<input type=\"hidden\" name=\"frm_hide_fields_3\" id=\"frm_hide_fields_3\" value=\"\" \/>\n<input type=\"hidden\" name=\"form_key\" value=\"zbwg32\" \/>\n<input type=\"hidden\" name=\"item_meta[0]\" value=\"\" \/>\n<input type=\"hidden\" id=\"frm_submit_entry_3\" name=\"frm_submit_entry_3\" value=\"2b1c9aee92\" \/><input type=\"hidden\" name=\"_wp_http_referer\" value=\"\/en\/wp-json\/wp\/v2\/pages\/25962499\" \/><div id=\"frm_field_49_container\" class=\"frm_form_field form-field  frm_top_container frm6 frm_first\">\r\n\t<label for=\"field_lastname\" id=\"field_lastname_label\" class=\"frm_primary_label\">Last Name\r\n\t\t<span class=\"frm_required\" aria-hidden=\"true\"><\/span>\r\n\t<\/label>\r\n\t<input  type=\"text\" id=\"field_lastname\" name=\"item_meta[49]\" value=\"\"  data-invmsg=\"Last Name is invalid\" aria-invalid=\"false\"   \/>\r\n\t\r\n\t\r\n<\/div>\n<div id=\"frm_field_50_container\" class=\"frm_form_field form-field  frm_top_container frm6\">\r\n\t<label for=\"field_firstname\" id=\"field_firstname_label\" class=\"frm_primary_label\">First Name\r\n\t\t<span class=\"frm_required\" aria-hidden=\"true\"><\/span>\r\n\t<\/label>\r\n\t<input  type=\"text\" id=\"field_firstname\" name=\"item_meta[50]\" value=\"\"  data-invmsg=\"First Name is invalid\" aria-invalid=\"false\"   \/>\r\n\t\r\n\t\r\n<\/div>\n<div id=\"frm_field_27_container\" class=\"frm_form_field form-field  frm_top_container frm6 frm_first\">\r\n\t<label for=\"field_position\" id=\"field_position_label\" class=\"frm_primary_label\">Position\r\n\t\t<span class=\"frm_required\" aria-hidden=\"true\"><\/span>\r\n\t<\/label>\r\n\t<input  type=\"text\" id=\"field_position\" name=\"item_meta[27]\" value=\"\"  data-invmsg=\"Position is invalid\" aria-invalid=\"false\"   \/>\r\n\t\r\n\t\r\n<\/div>\n<div id=\"frm_field_28_container\" class=\"frm_form_field form-field  frm_required_field frm_top_container frm6\">\r\n\t<label for=\"field_company\" id=\"field_company_label\" class=\"frm_primary_label\">Company\r\n\t\t<span class=\"frm_required\" aria-hidden=\"true\">*<\/span>\r\n\t<\/label>\r\n\t<input  type=\"text\" id=\"field_company\" name=\"item_meta[28]\" value=\"\"  data-reqmsg=\"Company can&#039;t be empty.\" aria-required=\"true\" data-invmsg=\"Company is invalid\" aria-invalid=\"false\"   \/>\r\n\t\r\n\t\r\n<\/div>\n<div id=\"frm_field_29_container\" class=\"frm_form_field form-field  frm_required_field frm_top_container frm6 frm_first\">\r\n\t<label for=\"field_email\" id=\"field_email_label\" class=\"frm_primary_label\">Email\r\n\t\t<span class=\"frm_required\" aria-hidden=\"true\">*<\/span>\r\n\t<\/label>\r\n\t<input type=\"email\" id=\"field_email\" name=\"item_meta[29]\" value=\"\"  autocomplete=\"email\"  data-reqmsg=\"Email can&#039;t be empty.\" aria-required=\"true\" data-invmsg=\"Email is invalid\" aria-invalid=\"false\"  \/>\r\n\t\r\n\t\r\n<\/div>\n<div id=\"frm_field_30_container\" class=\"frm_form_field form-field  frm_required_field frm_top_container frm6\">\r\n\t<label for=\"field_phone\" id=\"field_phone_label\" class=\"frm_primary_label\">Phone\r\n\t\t<span class=\"frm_required\" aria-hidden=\"true\">*<\/span>\r\n\t<\/label>\r\n\t<input type=\"tel\" id=\"field_phone\" name=\"item_meta[30]\" value=\"\"  data-reqmsg=\"Phone can&#039;t be empty.\" aria-required=\"true\" data-invmsg=\"Phone is invalid\" class=\"frm-intl-tel-input\" aria-invalid=\"false\" pattern=\"\\+?\\d{1,4}[\\s\\-]?(?:\\(\\d{1,3}\\)[\\s\\-]?)?\\d{1,4}[\\s\\-]?\\d{1,4}[\\s\\-]?\\d{1,4}$\"  \/>\r\n\t\r\n\t\r\n<\/div>\n<div id=\"frm_field_33_container\" class=\"frm_form_field form-field  frm_required_field frm_top_container frm6 frm_first vertical_radio\">\r\n\t<label for=\"field_profession\" id=\"field_profession_label\" class=\"frm_primary_label\">Linked position\r\n\t\t<span class=\"frm_required\" aria-hidden=\"true\">*<\/span>\r\n\t<\/label>\r\n\t\t\t<div class=\"frm_checkbox\" id=\"frm_checkbox_33-0\">\t\t\t<label  for=\"field_profession-0\">\n\t\t\t<input type=\"checkbox\" name=\"item_meta[33][]\" id=\"field_profession-0\" value=\"Elec\"  data-reqmsg=\"Linked position can&#039;t be empty.\" data-invmsg=\"Linked position is invalid\"   aria-required=\"true\"  \/> Industrial electricity<\/label><\/div>\n\t\t<div class=\"frm_checkbox\" id=\"frm_checkbox_33-1\">\t\t\t<label  for=\"field_profession-1\">\n\t\t\t<input type=\"checkbox\" name=\"item_meta[33][]\" id=\"field_profession-1\" value=\"Res\"  data-reqmsg=\"Linked position can&#039;t be empty.\" data-invmsg=\"Linked position is invalid\"   \/> Industrial networks<\/label><\/div>\n\t\t<div class=\"frm_checkbox\" id=\"frm_checkbox_33-2\">\t\t\t<label  for=\"field_profession-2\">\n\t\t\t<input type=\"checkbox\" name=\"item_meta[33][]\" id=\"field_profession-2\" value=\"PC\"  data-reqmsg=\"Linked position can&#039;t be empty.\" data-invmsg=\"Linked position is invalid\"   \/> Process Control\/Motion Control<\/label><\/div>\n\t\t<div class=\"frm_checkbox\" id=\"frm_checkbox_33-3\">\t\t\t<label  for=\"field_profession-3\">\n\t\t\t<input type=\"checkbox\" name=\"item_meta[33][]\" id=\"field_profession-3\" value=\"IoT\"  data-reqmsg=\"Linked position can&#039;t be empty.\" data-invmsg=\"Linked position is invalid\"   \/> Industrial IoT<\/label><\/div>\n\t\t<div class=\"frm_checkbox\" id=\"frm_checkbox_33-4\">\t\t\t<label  for=\"field_profession-4\">\n\t\t\t<input type=\"checkbox\" name=\"item_meta[33][]\" id=\"field_profession-4\" value=\"MES\"  data-reqmsg=\"Linked position can&#039;t be empty.\" data-invmsg=\"Linked position is invalid\"   \/> Industrial computing MoM\/MES<\/label><\/div>\n\t\t<div class=\"frm_checkbox\" id=\"frm_checkbox_33-5\">\t\t\t<label  for=\"field_profession-5\">\n\t\t\t<input type=\"checkbox\" name=\"item_meta[33][]\" id=\"field_profession-5\" value=\"PI\"  data-reqmsg=\"Linked position can&#039;t be empty.\" data-invmsg=\"Linked position is invalid\"   \/> Data Science \/ AI<\/label><\/div>\n\r\n\t\r\n\t\r\n<\/div>\n<div id=\"frm_field_35_container\" class=\"frm_form_field form-field  frm_required_field frm_top_container frm6\">\r\n\t<label for=\"field_question\" id=\"field_question_label\" class=\"frm_primary_label\">What is your project ?\r\n\t\t<span class=\"frm_required\" aria-hidden=\"true\">*<\/span>\r\n\t<\/label>\r\n\t<textarea data-auto-grow=\"1\"  name=\"item_meta[35]\" id=\"field_question\" rows=\"5\"  data-reqmsg=\"What is your project ? can&#039;t be empty.\" aria-required=\"true\" data-invmsg=\"What is your project ? is invalid\" aria-invalid=\"false\"  ><\/textarea>\r\n\t\r\n\t\r\n<\/div>\n<div id=\"frm_field_48_container\" class=\"frm_form_field form-field  frm_required_field frm_top_container vertical_radio\">\r\n\t<div  id=\"field_privacy_label\" class=\"frm_primary_label\">Data Processing Policy\r\n\t\t<span class=\"frm_required\" aria-hidden=\"true\">*<\/span>\r\n\t<\/div>\r\n\t<div class=\"frm_opt_container\" aria-labelledby=\"field_privacy_label\" role=\"group\">\t\t<div class=\"frm_checkbox\" id=\"frm_checkbox_48-0\">\t\t\t<label  for=\"field_privacy-0\">\n\t\t\t<input type=\"checkbox\" name=\"item_meta[48][]\" id=\"field_privacy-0\" value=\"J&#039;ai lu et accepte le traitement de mes donn\u00e9es conform\u00e9ment \u00e0 la politique de confidentialit\u00e9\"  data-reqmsg=\"Data Processing Policy can&#039;t be empty.\" data-invmsg=\"Data Processing Policy is invalid\"   aria-required=\"true\"  \/> I have read and accept the processing of my data in accordance with the privacy policy.<\/label><\/div>\n<\/div>\r\n\t<div class=\"frm_description\" id=\"frm_desc_field_privacy\"><a href=\"\/en\/privacy-policy\/\">Privacy policy<\/a><\/div>\r\n\t\r\n<\/div>\n\t\t<input  type=\"hidden\" name=\"item_meta[61]\" id=\"field_nom-formulaire\" value=\"General Form ENG\"  data-frmval=\"General Form ENG\"   \/>\n\t\t<div id=\"frm_field_59_container\" class=\"frm_form_field form-field  frm_none_container\">\r\n\t<label for=\"g-recaptcha-response\" id=\"field_b0ob6_label\" class=\"frm_primary_label\">Captcha\r\n\t\t<span class=\"frm_required\" aria-hidden=\"true\"><\/span>\r\n\t<\/label>\r\n\t<div  id=\"field_b0ob6\" class=\"frm-g-recaptcha\" data-sitekey=\"6LdRs14qAAAAAJYGh2Naxe842i30MCFo1LSYJ2mJ\" data-size=\"invisible\" data-theme=\"light\"><\/div>\r\n\t\r\n\t\r\n<\/div>\n<div id=\"frm_field_32_container\" class=\"frm_form_field form-field \">\r\n\t<div class=\"frm_submit frm_flex\">\r\n<button class=\"frm_button_submit frm_final_submit\" type=\"submit\"   formnovalidate=\"formnovalidate\">Send<\/button>\r\n\r\n\r\n<a href=\"#\" tabindex=\"0\" class=\"frm_start_over\" >Start Over<\/a>\r\n<\/div>\r\n<\/div>\n\t<input type=\"hidden\" name=\"item_key\" value=\"\" \/>\n\t\t\t<div id=\"frm_field_62_container\">\n\t\t\t<label for=\"field_drxkw\" >\n\t\t\t\tIf you are human, leave this field blank.\t\t\t<\/label>\n\t\t\t<input  id=\"field_drxkw\" type=\"text\" class=\"frm_form_field form-field frm_verify\" name=\"item_meta[62]\" value=\"\"  \/>\n\t\t<\/div>\n\t\t<input name=\"frm_state\" type=\"hidden\" value=\"HNGKsKEDEGruRIeFYTY6v18eXAUbuNQ+uCpEFFul7+bKMdcInUNLisGjFIh9j+wv\" \/><\/div>\n<\/fieldset>\n<\/div>\n\n<\/form>\n<\/div>\n[\/et_pb_code][\/et_pb_column][\/et_pb_row][\/et_pb_section]<\/p>\n","protected":false},"excerpt":{"rendered":"<p>For internship and employment please visit our career page<div class=\"frm_forms  with_frm_style frm_style_big-text\" id=\"frm_form_3_container\" data-token=\"9cf406610315930aa533243fe9d7b4e1\" data-token=\"9cf406610315930aa533243fe9d7b4e1\">\n<form enctype=\"multipart\/form-data\" method=\"post\" class=\"frm-show-form  frm_pro_form \" id=\"form_zbwg32\" data-token=\"9cf406610315930aa533243fe9d7b4e1\" data-token=\"9cf406610315930aa533243fe9d7b4e1\">\n<div class=\"frm_form_fields \">\n<fieldset>\n<legend class=\"frm_screen_reader\">Formulaire contact bouton flottant<\/legend>\r\n\r\n<div class=\"frm_description\"><p><h3>Tell us about your project!<\/h3>\n<p>Complete the form below, and we will contact you as soon as possible.<\/p>\n<\/div><div class=\"frm_fields_container\">\n<input type=\"hidden\" name=\"frm_action\" value=\"create\" \/>\n<input type=\"hidden\" name=\"form_id\" value=\"3\" \/>\n<input type=\"hidden\" name=\"frm_hide_fields_3\" id=\"frm_hide_fields_3\" value=\"\" \/>\n<input type=\"hidden\" name=\"form_key\" value=\"zbwg32\" \/>\n<input type=\"hidden\" name=\"item_meta[0]\" value=\"\" \/>\n<input type=\"hidden\" id=\"frm_submit_entry_3\" name=\"frm_submit_entry_3\" value=\"2b1c9aee92\" \/><input type=\"hidden\" name=\"_wp_http_referer\" value=\"\/en\/wp-json\/wp\/v2\/pages\/25962499\" \/><div id=\"frm_field_49_container\" class=\"frm_form_field form-field  frm_top_container frm6 frm_first\">\r\n\t<label for=\"field_lastname\" id=\"field_lastname_label\" class=\"frm_primary_label\">Last Name\r\n\t\t<span class=\"frm_required\" aria-hidden=\"true\"><\/span>\r\n\t<\/label>\r\n\t<input  type=\"text\" id=\"field_lastname\" name=\"item_meta[49]\" value=\"\"  data-invmsg=\"Last Name is invalid\" aria-invalid=\"false\"   \/>\r\n\t\r\n\t\r\n<\/div>\n<div id=\"frm_field_50_container\" class=\"frm_form_field form-field  frm_top_container frm6\">\r\n\t<label for=\"field_firstname\" id=\"field_firstname_label\" class=\"frm_primary_label\">First Name\r\n\t\t<span class=\"frm_required\" aria-hidden=\"true\"><\/span>\r\n\t<\/label>\r\n\t<input  type=\"text\" id=\"field_firstname\" name=\"item_meta[50]\" value=\"\"  data-invmsg=\"First Name is invalid\" aria-invalid=\"false\"   \/>\r\n\t\r\n\t\r\n<\/div>\n<div id=\"frm_field_27_container\" class=\"frm_form_field form-field  frm_top_container frm6 frm_first\">\r\n\t<label for=\"field_position\" id=\"field_position_label\" class=\"frm_primary_label\">Position\r\n\t\t<span class=\"frm_required\" aria-hidden=\"true\"><\/span>\r\n\t<\/label>\r\n\t<input  type=\"text\" id=\"field_position\" name=\"item_meta[27]\" value=\"\"  data-invmsg=\"Position is invalid\" aria-invalid=\"false\"   \/>\r\n\t\r\n\t\r\n<\/div>\n<div id=\"frm_field_28_container\" class=\"frm_form_field form-field  frm_required_field frm_top_container frm6\">\r\n\t<label for=\"field_company\" id=\"field_company_label\" class=\"frm_primary_label\">Company\r\n\t\t<span class=\"frm_required\" aria-hidden=\"true\">*<\/span>\r\n\t<\/label>\r\n\t<input  type=\"text\" id=\"field_company\" name=\"item_meta[28]\" value=\"\"  data-reqmsg=\"Company can&#039;t be empty.\" aria-required=\"true\" data-invmsg=\"Company is invalid\" aria-invalid=\"false\"   \/>\r\n\t\r\n\t\r\n<\/div>\n<div id=\"frm_field_29_container\" class=\"frm_form_field form-field  frm_required_field frm_top_container frm6 frm_first\">\r\n\t<label for=\"field_email\" id=\"field_email_label\" class=\"frm_primary_label\">Email\r\n\t\t<span class=\"frm_required\" aria-hidden=\"true\">*<\/span>\r\n\t<\/label>\r\n\t<input type=\"email\" id=\"field_email\" name=\"item_meta[29]\" value=\"\"  autocomplete=\"email\"  data-reqmsg=\"Email can&#039;t be empty.\" aria-required=\"true\" data-invmsg=\"Email is invalid\" aria-invalid=\"false\"  \/>\r\n\t\r\n\t\r\n<\/div>\n<div id=\"frm_field_30_container\" class=\"frm_form_field form-field  frm_required_field frm_top_container frm6\">\r\n\t<label for=\"field_phone\" id=\"field_phone_label\" class=\"frm_primary_label\">Phone\r\n\t\t<span class=\"frm_required\" aria-hidden=\"true\">*<\/span>\r\n\t<\/label>\r\n\t<input type=\"tel\" id=\"field_phone\" name=\"item_meta[30]\" value=\"\"  data-reqmsg=\"Phone can&#039;t be empty.\" aria-required=\"true\" data-invmsg=\"Phone is invalid\" class=\"frm-intl-tel-input\" aria-invalid=\"false\" pattern=\"\\+?\\d{1,4}[\\s\\-]?(?:\\(\\d{1,3}\\)[\\s\\-]?)?\\d{1,4}[\\s\\-]?\\d{1,4}[\\s\\-]?\\d{1,4}$\"  \/>\r\n\t\r\n\t\r\n<\/div>\n<div id=\"frm_field_33_container\" class=\"frm_form_field form-field  frm_required_field frm_top_container frm6 frm_first vertical_radio\">\r\n\t<label for=\"field_profession\" id=\"field_profession_label\" class=\"frm_primary_label\">Linked position\r\n\t\t<span class=\"frm_required\" aria-hidden=\"true\">*<\/span>\r\n\t<\/label>\r\n\t\t\t<div class=\"frm_checkbox\" id=\"frm_checkbox_33-0\">\t\t\t<label  for=\"field_profession-0\">\n\t\t\t<input type=\"checkbox\" name=\"item_meta[33][]\" id=\"field_profession-0\" value=\"Elec\"  data-reqmsg=\"Linked position can&#039;t be empty.\" data-invmsg=\"Linked position is invalid\"   aria-required=\"true\"  \/> Industrial electricity<\/label><\/div>\n\t\t<div class=\"frm_checkbox\" id=\"frm_checkbox_33-1\">\t\t\t<label  for=\"field_profession-1\">\n\t\t\t<input type=\"checkbox\" name=\"item_meta[33][]\" id=\"field_profession-1\" value=\"Res\"  data-reqmsg=\"Linked position can&#039;t be empty.\" data-invmsg=\"Linked position is invalid\"   \/> Industrial networks<\/label><\/div>\n\t\t<div class=\"frm_checkbox\" id=\"frm_checkbox_33-2\">\t\t\t<label  for=\"field_profession-2\">\n\t\t\t<input type=\"checkbox\" name=\"item_meta[33][]\" id=\"field_profession-2\" value=\"PC\"  data-reqmsg=\"Linked position can&#039;t be empty.\" data-invmsg=\"Linked position is invalid\"   \/> Process Control\/Motion Control<\/label><\/div>\n\t\t<div class=\"frm_checkbox\" id=\"frm_checkbox_33-3\">\t\t\t<label  for=\"field_profession-3\">\n\t\t\t<input type=\"checkbox\" name=\"item_meta[33][]\" id=\"field_profession-3\" value=\"IoT\"  data-reqmsg=\"Linked position can&#039;t be empty.\" data-invmsg=\"Linked position is invalid\"   \/> Industrial IoT<\/label><\/div>\n\t\t<div class=\"frm_checkbox\" id=\"frm_checkbox_33-4\">\t\t\t<label  for=\"field_profession-4\">\n\t\t\t<input type=\"checkbox\" name=\"item_meta[33][]\" id=\"field_profession-4\" value=\"MES\"  data-reqmsg=\"Linked position can&#039;t be empty.\" data-invmsg=\"Linked position is invalid\"   \/> Industrial computing MoM\/MES<\/label><\/div>\n\t\t<div class=\"frm_checkbox\" id=\"frm_checkbox_33-5\">\t\t\t<label  for=\"field_profession-5\">\n\t\t\t<input type=\"checkbox\" name=\"item_meta[33][]\" id=\"field_profession-5\" value=\"PI\"  data-reqmsg=\"Linked position can&#039;t be empty.\" data-invmsg=\"Linked position is invalid\"   \/> Data Science \/ AI<\/label><\/div>\n\r\n\t\r\n\t\r\n<\/div>\n<div id=\"frm_field_35_container\" class=\"frm_form_field form-field  frm_required_field frm_top_container frm6\">\r\n\t<label for=\"field_question\" id=\"field_question_label\" class=\"frm_primary_label\">What is your project ?\r\n\t\t<span class=\"frm_required\" aria-hidden=\"true\">*<\/span>\r\n\t<\/label>\r\n\t<textarea data-auto-grow=\"1\"  name=\"item_meta[35]\" id=\"field_question\" rows=\"5\"  data-reqmsg=\"What is your project ? can&#039;t be empty.\" aria-required=\"true\" data-invmsg=\"What is your project ? is invalid\" aria-invalid=\"false\"  ><\/textarea>\r\n\t\r\n\t\r\n<\/div>\n<div id=\"frm_field_48_container\" class=\"frm_form_field form-field  frm_required_field frm_top_container vertical_radio\">\r\n\t<div  id=\"field_privacy_label\" class=\"frm_primary_label\">Data Processing Policy\r\n\t\t<span class=\"frm_required\" aria-hidden=\"true\">*<\/span>\r\n\t<\/div>\r\n\t<div class=\"frm_opt_container\" aria-labelledby=\"field_privacy_label\" role=\"group\">\t\t<div class=\"frm_checkbox\" id=\"frm_checkbox_48-0\">\t\t\t<label  for=\"field_privacy-0\">\n\t\t\t<input type=\"checkbox\" name=\"item_meta[48][]\" id=\"field_privacy-0\" value=\"J&#039;ai lu et accepte le traitement de mes donn\u00e9es conform\u00e9ment \u00e0 la politique de confidentialit\u00e9\"  data-reqmsg=\"Data Processing Policy can&#039;t be empty.\" data-invmsg=\"Data Processing Policy is invalid\"   aria-required=\"true\"  \/> I have read and accept the processing of my data in accordance with the privacy policy.<\/label><\/div>\n<\/div>\r\n\t<div class=\"frm_description\" id=\"frm_desc_field_privacy\"><a href=\"\/en\/privacy-policy\/\">Privacy policy<\/a><\/div>\r\n\t\r\n<\/div>\n\t\t<input  type=\"hidden\" name=\"item_meta[61]\" id=\"field_nom-formulaire\" value=\"General Form ENG\"  data-frmval=\"General Form ENG\"   \/>\n\t\t<div id=\"frm_field_59_container\" class=\"frm_form_field form-field  frm_none_container\">\r\n\t<label for=\"g-recaptcha-response\" id=\"field_b0ob6_label\" class=\"frm_primary_label\">Captcha\r\n\t\t<span class=\"frm_required\" aria-hidden=\"true\"><\/span>\r\n\t<\/label>\r\n\t<div  id=\"field_b0ob6\" class=\"frm-g-recaptcha\" data-sitekey=\"6LdRs14qAAAAAJYGh2Naxe842i30MCFo1LSYJ2mJ\" data-size=\"invisible\" data-theme=\"light\"><\/div>\r\n\t\r\n\t\r\n<\/div>\n<div id=\"frm_field_32_container\" class=\"frm_form_field form-field \">\r\n\t<div class=\"frm_submit frm_flex\">\r\n<button class=\"frm_button_submit frm_final_submit\" type=\"submit\"   formnovalidate=\"formnovalidate\">Send<\/button>\r\n\r\n\r\n<a href=\"#\" tabindex=\"0\" class=\"frm_start_over\" >Start Over<\/a>\r\n<\/div>\r\n<\/div>\n\t<input type=\"hidden\" name=\"item_key\" value=\"\" \/>\n\t\t\t<div id=\"frm_field_63_container\">\n\t\t\t<label for=\"field_614pk\" >\n\t\t\t\tIf you are human, leave this field blank.\t\t\t<\/label>\n\t\t\t<input  id=\"field_614pk\" type=\"text\" class=\"frm_form_field form-field frm_verify\" name=\"item_meta[63]\" value=\"\"  \/>\n\t\t<\/div>\n\t\t<input name=\"frm_state\" type=\"hidden\" value=\"HNGKsKEDEGruRIeFYTY6v18eXAUbuNQ+uCpEFFul7+ZxM0Tej1vnUBoHFZhzJbM+\" \/><\/div>\n<\/fieldset>\n<\/div>\n\n<\/form>\n<\/div>\n<\/p>\n","protected":false},"author":2,"featured_media":0,"parent":0,"menu_order":0,"comment_status":"closed","ping_status":"closed","template":"","meta":{"_et_pb_use_builder":"on","_et_pb_old_content":"","_et_gb_content_width":"","footnotes":""},"dipi_cpt_category":[],"class_list":["post-25962499","page","type-page","status-publish","hentry"],"_links":{"self":[{"href":"https:\/\/www.technord.com\/en\/wp-json\/wp\/v2\/pages\/25962499","targetHints":{"allow":["GET"]}}],"collection":[{"href":"https:\/\/www.technord.com\/en\/wp-json\/wp\/v2\/pages"}],"about":[{"href":"https:\/\/www.technord.com\/en\/wp-json\/wp\/v2\/types\/page"}],"author":[{"embeddable":true,"href":"https:\/\/www.technord.com\/en\/wp-json\/wp\/v2\/users\/2"}],"replies":[{"embeddable":true,"href":"https:\/\/www.technord.com\/en\/wp-json\/wp\/v2\/comments?post=25962499"}],"version-history":[{"count":3,"href":"https:\/\/www.technord.com\/en\/wp-json\/wp\/v2\/pages\/25962499\/revisions"}],"predecessor-version":[{"id":25962504,"href":"https:\/\/www.technord.com\/en\/wp-json\/wp\/v2\/pages\/25962499\/revisions\/25962504"}],"wp:attachment":[{"href":"https:\/\/www.technord.com\/en\/wp-json\/wp\/v2\/media?parent=25962499"}],"wp:term":[{"taxonomy":"dipi_cpt_category","embeddable":true,"href":"https:\/\/www.technord.com\/en\/wp-json\/wp\/v2\/dipi_cpt_category?post=25962499"}],"curies":[{"name":"wp","href":"https:\/\/api.w.org\/{rel}","templated":true}]}}