{"id":25959942,"date":"2024-06-23T18:06:19","date_gmt":"2024-06-23T16:06:19","guid":{"rendered":"https:\/\/www.technord.com\/form\/"},"modified":"2024-11-20T14:41:47","modified_gmt":"2024-11-20T13:41:47","slug":"form","status":"publish","type":"page","link":"https:\/\/www.technord.com\/en\/form\/","title":{"rendered":"Form"},"content":{"rendered":"<div class=\"frm_forms  with_frm_style frm_style_big-text\" id=\"frm_form_2_container\" data-token=\"45dadcefbc5a7b593e4c71b9ecea288f\">\n<form enctype=\"multipart\/form-data\" method=\"post\" class=\"frm-show-form  frm_pro_form \" id=\"form_zbwg3\" data-token=\"45dadcefbc5a7b593e4c71b9ecea288f\">\n<div class=\"frm_form_fields \">\n<fieldset>\n<legend class=\"frm_screen_reader\">Formulaire \u00e9tude de cas<\/legend>\r\n\r\n<div class=\"frm_fields_container\">\n<input type=\"hidden\" name=\"frm_action\" value=\"create\" \/>\n<input type=\"hidden\" name=\"form_id\" value=\"2\" \/>\n<input type=\"hidden\" name=\"frm_hide_fields_2\" id=\"frm_hide_fields_2\" value=\"\" \/>\n<input type=\"hidden\" name=\"form_key\" value=\"zbwg3\" \/>\n<input type=\"hidden\" name=\"item_meta[0]\" value=\"\" \/>\n<input type=\"hidden\" id=\"frm_submit_entry_2\" name=\"frm_submit_entry_2\" value=\"3faf365a7c\" \/><input type=\"hidden\" name=\"_wp_http_referer\" value=\"\/en\/wp-json\/wp\/v2\/pages\/25959942\" \/><div id=\"frm_field_54_container\" class=\"frm_form_field form-field  frm_top_container frm6 frm_first\">\r\n\t<label for=\"field_lastname2\" id=\"field_lastname2_label\" class=\"frm_primary_label\">Last Name\r\n\t\t<span class=\"frm_required\" aria-hidden=\"true\"><\/span>\r\n\t<\/label>\r\n\t<input  type=\"text\" id=\"field_lastname2\" name=\"item_meta[54]\" value=\"\"  data-invmsg=\"Last Name is invalid\" aria-invalid=\"false\"   \/>\r\n\t\r\n\t\r\n<\/div>\n<div id=\"frm_field_53_container\" class=\"frm_form_field form-field  frm_top_container frm6\">\r\n\t<label for=\"field_firstname2\" id=\"field_firstname2_label\" class=\"frm_primary_label\">First Name\r\n\t\t<span class=\"frm_required\" aria-hidden=\"true\"><\/span>\r\n\t<\/label>\r\n\t<input  type=\"text\" id=\"field_firstname2\" name=\"item_meta[53]\" value=\"\"  data-invmsg=\"First Name is invalid\" aria-invalid=\"false\"   \/>\r\n\t\r\n\t\r\n<\/div>\n<div id=\"frm_field_20_container\" class=\"frm_form_field form-field  frm_top_container\">\r\n\t<label for=\"field_position2\" id=\"field_position2_label\" class=\"frm_primary_label\">Position\r\n\t\t<span class=\"frm_required\" aria-hidden=\"true\"><\/span>\r\n\t<\/label>\r\n\t<input  type=\"text\" id=\"field_position2\" name=\"item_meta[20]\" value=\"\"  data-invmsg=\"Position is invalid\" aria-invalid=\"false\"   \/>\r\n\t\r\n\t\r\n<\/div>\n<div id=\"frm_field_25_container\" class=\"frm_form_field form-field  frm_required_field frm_top_container\">\r\n\t<label for=\"field_company2\" id=\"field_company2_label\" class=\"frm_primary_label\">Company\r\n\t\t<span class=\"frm_required\" aria-hidden=\"true\">*<\/span>\r\n\t<\/label>\r\n\t<input  type=\"text\" id=\"field_company2\" name=\"item_meta[25]\" value=\"\"  data-reqmsg=\"Company can&#039;t be empty.\" aria-required=\"true\" data-invmsg=\"Company is invalid\" aria-invalid=\"false\"   \/>\r\n\t\r\n\t\r\n<\/div>\n<div id=\"frm_field_23_container\" class=\"frm_form_field form-field  frm_required_field frm_top_container\">\r\n\t<label for=\"field_email2\" id=\"field_email2_label\" class=\"frm_primary_label\">Email\r\n\t\t<span class=\"frm_required\" aria-hidden=\"true\">*<\/span>\r\n\t<\/label>\r\n\t<input type=\"email\" id=\"field_email2\" name=\"item_meta[23]\" value=\"\"  autocomplete=\"email\"  data-reqmsg=\"Email can&#039;t be empty.\" aria-required=\"true\" data-invmsg=\"Email is invalid\" aria-invalid=\"false\"  \/>\r\n\t\r\n\t\r\n<\/div>\n<div id=\"frm_field_24_container\" class=\"frm_form_field form-field  frm_required_field frm_top_container\">\r\n\t<label for=\"field_phone2\" id=\"field_phone2_label\" class=\"frm_primary_label\">Phone\r\n\t\t<span class=\"frm_required\" aria-hidden=\"true\">*<\/span>\r\n\t<\/label>\r\n\t<input type=\"tel\" id=\"field_phone2\" name=\"item_meta[24]\" value=\"\"  data-reqmsg=\"Phone can&#039;t be empty.\" aria-required=\"true\" data-invmsg=\"Phone is invalid\" class=\"frm-intl-tel-input\" aria-invalid=\"false\" pattern=\"\\+?\\d{1,4}[\\s\\-]?(?:\\(\\d{1,3}\\)[\\s\\-]?)?\\d{1,4}[\\s\\-]?\\d{1,4}[\\s\\-]?\\d{1,4}$\"  \/>\r\n\t\r\n\t\r\n<\/div>\n\t\t<input  type=\"hidden\" name=\"item_meta[14]\" id=\"field_project\" value=\"\"     \/>\n\t\t<div id=\"frm_field_52_container\" class=\"frm_form_field form-field  frm_required_field frm_top_container vertical_radio\">\r\n\t<div  id=\"field_privacy2_label\" class=\"frm_primary_label\">Data Processing Policy\r\n\t\t<span class=\"frm_required\" aria-hidden=\"true\">*<\/span>\r\n\t<\/div>\r\n\t<div class=\"frm_opt_container\" aria-labelledby=\"field_privacy2_label\" role=\"group\">\t\t<div class=\"frm_checkbox\" id=\"frm_checkbox_52-0\">\t\t\t<label  for=\"field_privacy2-0\">\n\t\t\t<input type=\"checkbox\" name=\"item_meta[52][]\" id=\"field_privacy2-0\" value=\"J&#039;ai lu et accepte le traitement de mes donn\u00e9es conform\u00e9ment \u00e0 la politique de confidentialit\u00e9\"  data-reqmsg=\"Data Processing Policy can&#039;t be empty.\" data-invmsg=\"Data Processing Policy is invalid\"   aria-required=\"true\"  \/> I have read and accept the processing of my data in accordance with the privacy policy.<\/label><\/div>\n<\/div>\r\n\t<div class=\"frm_description\" id=\"frm_desc_field_privacy2\"><a href=\"\/en\/privacy-policy\/\">Privacy policy<\/a><\/div>\r\n\t\r\n<\/div>\n<div id=\"frm_field_6_container\" class=\"frm_form_field form-field \">\r\n\t<div class=\"frm_submit frm_flex\">\r\n<button class=\"frm_button_submit frm_final_submit\" type=\"submit\"   formnovalidate=\"formnovalidate\">Receive the document<\/button>\r\n\r\n\r\n<a href=\"#\" tabindex=\"0\" class=\"frm_start_over\" >Start Over<\/a>\r\n<\/div>\r\n<\/div>\n\t<input type=\"hidden\" name=\"item_key\" value=\"\" \/>\n\t\t\t<div id=\"frm_field_62_container\">\n\t\t\t<label for=\"field_q8lg4\" >\n\t\t\t\tIf you are human, leave this field blank.\t\t\t<\/label>\n\t\t\t<input  id=\"field_q8lg4\" type=\"text\" class=\"frm_form_field form-field frm_verify\" name=\"item_meta[62]\" value=\"\"  \/>\n\t\t<\/div>\n\t\t<input name=\"frm_state\" type=\"hidden\" value=\"6SEDYs\/xPDGcYOy6wqq44z4Bj5S5Nw0IKlRbjGotRTMwUcFl5uNY+3nsvYEYINO5oxP12cyU42Ivs41lflos8upgZf2+8Lizd5BqIKuiOCo=\" \/><\/div>\n<\/fieldset>\n<\/div>\n\n<\/form>\n<\/div>\n","protected":false},"excerpt":{"rendered":"<div class=\"frm_forms  with_frm_style frm_style_big-text\" id=\"frm_form_2_container\" data-token=\"45dadcefbc5a7b593e4c71b9ecea288f\" data-token=\"45dadcefbc5a7b593e4c71b9ecea288f\">\n<form enctype=\"multipart\/form-data\" method=\"post\" class=\"frm-show-form  frm_pro_form \" id=\"form_zbwg3\" data-token=\"45dadcefbc5a7b593e4c71b9ecea288f\" data-token=\"45dadcefbc5a7b593e4c71b9ecea288f\">\n<div class=\"frm_form_fields \">\n<fieldset>\n<legend class=\"frm_screen_reader\">Formulaire \u00e9tude de cas<\/legend>\r\n\r\n<div class=\"frm_description\"><p>Would you like to receive more information about this case study?<br \/> Complete the form below, and you will receive the detailed document by email.<\/p>\n<\/div><div class=\"frm_fields_container\">\n<input type=\"hidden\" name=\"frm_action\" value=\"create\" \/>\n<input type=\"hidden\" name=\"form_id\" value=\"2\" \/>\n<input type=\"hidden\" name=\"frm_hide_fields_2\" id=\"frm_hide_fields_2\" value=\"\" \/>\n<input type=\"hidden\" name=\"form_key\" value=\"zbwg3\" \/>\n<input type=\"hidden\" name=\"item_meta[0]\" value=\"\" \/>\n<input type=\"hidden\" id=\"frm_submit_entry_2\" name=\"frm_submit_entry_2\" value=\"3faf365a7c\" \/><input type=\"hidden\" name=\"_wp_http_referer\" value=\"\/en\/wp-json\/wp\/v2\/pages\/25959942\" \/><div id=\"frm_field_54_container\" class=\"frm_form_field form-field  frm_top_container frm6 frm_first\">\r\n\t<label for=\"field_lastname2\" id=\"field_lastname2_label\" class=\"frm_primary_label\">Last Name\r\n\t\t<span class=\"frm_required\" aria-hidden=\"true\"><\/span>\r\n\t<\/label>\r\n\t<input  type=\"text\" id=\"field_lastname2\" name=\"item_meta[54]\" value=\"\"  data-invmsg=\"Last Name is invalid\" aria-invalid=\"false\"   \/>\r\n\t\r\n\t\r\n<\/div>\n<div id=\"frm_field_53_container\" class=\"frm_form_field form-field  frm_top_container frm6\">\r\n\t<label for=\"field_firstname2\" id=\"field_firstname2_label\" class=\"frm_primary_label\">First Name\r\n\t\t<span class=\"frm_required\" aria-hidden=\"true\"><\/span>\r\n\t<\/label>\r\n\t<input  type=\"text\" id=\"field_firstname2\" name=\"item_meta[53]\" value=\"\"  data-invmsg=\"First Name is invalid\" aria-invalid=\"false\"   \/>\r\n\t\r\n\t\r\n<\/div>\n<div id=\"frm_field_20_container\" class=\"frm_form_field form-field  frm_top_container\">\r\n\t<label for=\"field_position2\" id=\"field_position2_label\" class=\"frm_primary_label\">Position\r\n\t\t<span class=\"frm_required\" aria-hidden=\"true\"><\/span>\r\n\t<\/label>\r\n\t<input  type=\"text\" id=\"field_position2\" name=\"item_meta[20]\" value=\"\"  data-invmsg=\"Position is invalid\" aria-invalid=\"false\"   \/>\r\n\t\r\n\t\r\n<\/div>\n<div id=\"frm_field_25_container\" class=\"frm_form_field form-field  frm_required_field frm_top_container\">\r\n\t<label for=\"field_company2\" id=\"field_company2_label\" class=\"frm_primary_label\">Company\r\n\t\t<span class=\"frm_required\" aria-hidden=\"true\">*<\/span>\r\n\t<\/label>\r\n\t<input  type=\"text\" id=\"field_company2\" name=\"item_meta[25]\" value=\"\"  data-reqmsg=\"Company can&#039;t be empty.\" aria-required=\"true\" data-invmsg=\"Company is invalid\" aria-invalid=\"false\"   \/>\r\n\t\r\n\t\r\n<\/div>\n<div id=\"frm_field_23_container\" class=\"frm_form_field form-field  frm_required_field frm_top_container\">\r\n\t<label for=\"field_email2\" id=\"field_email2_label\" class=\"frm_primary_label\">Email\r\n\t\t<span class=\"frm_required\" aria-hidden=\"true\">*<\/span>\r\n\t<\/label>\r\n\t<input type=\"email\" id=\"field_email2\" name=\"item_meta[23]\" value=\"\"  autocomplete=\"email\"  data-reqmsg=\"Email can&#039;t be empty.\" aria-required=\"true\" data-invmsg=\"Email is invalid\" aria-invalid=\"false\"  \/>\r\n\t\r\n\t\r\n<\/div>\n<div id=\"frm_field_24_container\" class=\"frm_form_field form-field  frm_required_field frm_top_container\">\r\n\t<label for=\"field_phone2\" id=\"field_phone2_label\" class=\"frm_primary_label\">Phone\r\n\t\t<span class=\"frm_required\" aria-hidden=\"true\">*<\/span>\r\n\t<\/label>\r\n\t<input type=\"tel\" id=\"field_phone2\" name=\"item_meta[24]\" value=\"\"  data-reqmsg=\"Phone can&#039;t be empty.\" aria-required=\"true\" data-invmsg=\"Phone is invalid\" class=\"frm-intl-tel-input\" aria-invalid=\"false\" pattern=\"\\+?\\d{1,4}[\\s\\-]?(?:\\(\\d{1,3}\\)[\\s\\-]?)?\\d{1,4}[\\s\\-]?\\d{1,4}[\\s\\-]?\\d{1,4}$\"  \/>\r\n\t\r\n\t\r\n<\/div>\n\t\t<input  type=\"hidden\" name=\"item_meta[14]\" id=\"field_project\" value=\"\"     \/>\n\t\t<div id=\"frm_field_52_container\" class=\"frm_form_field form-field  frm_required_field frm_top_container vertical_radio\">\r\n\t<div  id=\"field_privacy2_label\" class=\"frm_primary_label\">Data Processing Policy\r\n\t\t<span class=\"frm_required\" aria-hidden=\"true\">*<\/span>\r\n\t<\/div>\r\n\t<div class=\"frm_opt_container\" aria-labelledby=\"field_privacy2_label\" role=\"group\">\t\t<div class=\"frm_checkbox\" id=\"frm_checkbox_52-0\">\t\t\t<label  for=\"field_privacy2-0\">\n\t\t\t<input type=\"checkbox\" name=\"item_meta[52][]\" id=\"field_privacy2-0\" value=\"J&#039;ai lu et accepte le traitement de mes donn\u00e9es conform\u00e9ment \u00e0 la politique de confidentialit\u00e9\"  data-reqmsg=\"Data Processing Policy can&#039;t be empty.\" data-invmsg=\"Data Processing Policy is invalid\"   aria-required=\"true\"  \/> I have read and accept the processing of my data in accordance with the privacy policy.<\/label><\/div>\n<\/div>\r\n\t<div class=\"frm_description\" id=\"frm_desc_field_privacy2\"><a href=\"\/en\/privacy-policy\/\">Privacy policy<\/a><\/div>\r\n\t\r\n<\/div>\n<div id=\"frm_field_6_container\" class=\"frm_form_field form-field \">\r\n\t<div class=\"frm_submit frm_flex\">\r\n<button class=\"frm_button_submit frm_final_submit\" type=\"submit\"   formnovalidate=\"formnovalidate\">Receive the document<\/button>\r\n\r\n\r\n<a href=\"#\" tabindex=\"0\" class=\"frm_start_over\" >Start Over<\/a>\r\n<\/div>\r\n<\/div>\n\t<input type=\"hidden\" name=\"item_key\" value=\"\" \/>\n\t\t\t<div id=\"frm_field_63_container\">\n\t\t\t<label for=\"field_1s2a0\" >\n\t\t\t\tIf you are human, leave this field blank.\t\t\t<\/label>\n\t\t\t<input  id=\"field_1s2a0\" type=\"text\" class=\"frm_form_field form-field frm_verify\" name=\"item_meta[63]\" value=\"\"  \/>\n\t\t<\/div>\n\t\t<input name=\"frm_state\" type=\"hidden\" value=\"HNGKsKEDEGruRIeFYTY6vwAb0PTQRuAXwWp1kGJ7TXtgnhAToR2nILoqp7Skj4yUSXFOxd0yJ4S2jcLAirCv9w==\" \/><\/div>\n<\/fieldset>\n<\/div>\n\n<\/form>\n<\/div>\n\n","protected":false},"author":1,"featured_media":0,"parent":0,"menu_order":0,"comment_status":"closed","ping_status":"closed","template":"","meta":{"_et_pb_use_builder":"on","_et_pb_old_content":"","_et_gb_content_width":"","footnotes":""},"dipi_cpt_category":[],"class_list":["post-25959942","page","type-page","status-publish","hentry"],"_links":{"self":[{"href":"https:\/\/www.technord.com\/en\/wp-json\/wp\/v2\/pages\/25959942","targetHints":{"allow":["GET"]}}],"collection":[{"href":"https:\/\/www.technord.com\/en\/wp-json\/wp\/v2\/pages"}],"about":[{"href":"https:\/\/www.technord.com\/en\/wp-json\/wp\/v2\/types\/page"}],"author":[{"embeddable":true,"href":"https:\/\/www.technord.com\/en\/wp-json\/wp\/v2\/users\/1"}],"replies":[{"embeddable":true,"href":"https:\/\/www.technord.com\/en\/wp-json\/wp\/v2\/comments?post=25959942"}],"version-history":[{"count":3,"href":"https:\/\/www.technord.com\/en\/wp-json\/wp\/v2\/pages\/25959942\/revisions"}],"predecessor-version":[{"id":25961229,"href":"https:\/\/www.technord.com\/en\/wp-json\/wp\/v2\/pages\/25959942\/revisions\/25961229"}],"wp:attachment":[{"href":"https:\/\/www.technord.com\/en\/wp-json\/wp\/v2\/media?parent=25959942"}],"wp:term":[{"taxonomy":"dipi_cpt_category","embeddable":true,"href":"https:\/\/www.technord.com\/en\/wp-json\/wp\/v2\/dipi_cpt_category?post=25959942"}],"curies":[{"name":"wp","href":"https:\/\/api.w.org\/{rel}","templated":true}]}}